{"id":5223221,"date":"2024-10-27T19:40:07","date_gmt":"2024-10-27T16:40:07","guid":{"rendered":"https:\/\/realestate-expert.pl\/o-nas\/"},"modified":"2025-02-25T21:45:56","modified_gmt":"2025-02-25T18:45:56","slug":"o-nas","status":"publish","type":"page","link":"https:\/\/realestate-expert.pl\/pl\/o-nas\/","title":{"rendered":"O nas"},"content":{"rendered":"\n<section id=\"about\" class=\"wp-block-real-estate-blocks-about about-section\"><div class=\"container\"><h6 class=\"title-6\">Nasze podej\u015bcie<\/h6><h2 class=\"title-2\">O nas<\/h2><div class=\"green-line\"><\/div><div class=\"about-section__items\"><div class=\"item\"><div class=\"wrapper\"><h3 class=\"title-3\">Profesjonalizm i do\u015bwiadczenie<\/h3><p class=\"paragraph min\">Jeste\u015bmy zespo\u0142em ekspert\u00f3w z g\u0142\u0119bok\u0105 wiedz\u0105 o rynku nieruchomo\u015bci w Polsce. Nasi specjali\u015bci towarzysz\u0105 klientom na ka\u017cdym etapie transakcji, zapewniaj\u0105c komfort przy zakupie lub sprzeda\u017cy nieruchomo\u015bci.<\/p><\/div><img decoding=\"async\" src=\"https:\/\/realestate-expert.pl\/wp-content\/uploads\/2025\/02\/IMG_1954-scaled.jpg\" alt=\"IMG_1954\"\/><\/div><div class=\"item\"><div class=\"wrapper\"><h3 class=\"title-3\">Personalizowane podej\u015bcie<\/h3><p class=\"paragraph min\">Dobieramy nieruchomo\u015bci z uwzgl\u0119dnieniem Twoich cel\u00f3w \u2014 czy to komfortowe mieszkanie, korzystna inwestycja, czy nieruchomo\u015b\u0107 komercyjna. Indywidualne podej\u015bcie, przejrzysto\u015b\u0107 i pe\u0142ne wsparcie sprawiaj\u0105, \u017ce wsp\u00f3\u0142praca z nami jest wygodna i niezawodna.<\/p><\/div><img decoding=\"async\" src=\"https:\/\/realestate-expert.pl\/wp-content\/uploads\/2025\/02\/IMG_1953-scaled.jpg\" alt=\"IMG_1953\"\/><\/div><\/div><\/div><\/section>\n\n\n\n\n\n\n\n<section id=\"benefits\" class=\"wp-block-real-estate-blocks-benefits benefits-section\"><div class=\"container\"><h6 class=\"title-6\">Nasze zalety<\/h6><h2 class=\"title-2\">Dlaczego warto wybra\u0107 nas?<\/h2><div class=\"green-line\"><\/div><div class=\"benefits-section__items\"><div class=\"item\"><div class=\"icon\"><img decoding=\"async\" src=\"https:\/\/realestate-expert.pl\/wp-content\/uploads\/2024\/10\/Frame-1321314035.svg\" alt=\"Frame 1321314035\"\/><\/div><h4 class=\"title-4\">Konsultacje specjalist\u00f3w<\/h4><p class=\"paragraph min\">Skorzystaj z profesjonalnej porady naszych do\u015bwiadczonych agent\u00f3w. Starannie dobieramy ka\u017cd\u0105 nieruchomo\u015b\u0107, aby zaoferowa\u0107 Ci tylko najlepsze opcje.<\/p><\/div><div class=\"item\"><div class=\"icon\"><img decoding=\"async\" src=\"https:\/\/realestate-expert.pl\/wp-content\/uploads\/2024\/10\/Frame-1321314036.svg\" alt=\"Frame 1321314036\"\/><\/div><h4 class=\"title-4\">Indywidualna obs\u0142uga<\/h4><p class=\"paragraph min\">Dobieramy nieruchomo\u015bci zgodnie z Twoimi unikalnymi preferencjami, aby idealnie pasowa\u0142y do Twojego stylu \u017cycia.<\/p><\/div><div class=\"item\"><div class=\"icon\"><img decoding=\"async\" src=\"https:\/\/realestate-expert.pl\/wp-content\/uploads\/2024\/10\/Frame-1321314037.svg\" alt=\"Frame 1321314037\"\/><\/div><h4 class=\"title-4\">Pe\u0142ne wsparcie na ka\u017cdym etapie<\/h4><p class=\"paragraph min\">Towarzyszymy Ci na ka\u017cdym kroku \u2014 od pierwszej konsultacji po finalizacj\u0119 wszystkich niezb\u0119dnych dokument\u00f3w, zapewniaj\u0105c Ci przyst\u0119pny proces zakupu nieruchomo\u015bci.<\/p><\/div><\/div><\/div><\/section>\n\n\n\n<section id=\"accessible\" class=\"wp-block-real-estate-blocks-accessible accessible-section\"><div class=\"container\"><h6 class=\"title-6\">Nasz proces<\/h6><h2 class=\"title-2\">Zakup nieruchomo\u015bci to wa\u017cny krok, a my sprawiamy, \u017ce jest on prosty i zrozumia\u0142y.<\/h2><div class=\"green-line\"><\/div><div class=\"wrapper\"><div class=\"accessible-section__items\"><div class=\"item\"><div class=\"icon\"><img decoding=\"async\" src=\"https:\/\/realestate-expert.pl\/wp-content\/uploads\/2024\/11\/Frame-1321314038.svg\" alt=\"Frame 1321314038\"\/><\/div><h4 class=\"title-4\">Konsultacja<\/h4><p class=\"paragraph min\">Analizujemy Twoje \u017cyczenia, bud\u017cet i cele, dobieramy najlepsze opcje i dostarczamy pe\u0142ne informacje o nieruchomo\u015bci.<\/p><\/div><div class=\"item\"><div class=\"icon\"><img decoding=\"async\" src=\"https:\/\/realestate-expert.pl\/wp-content\/uploads\/2024\/11\/Frame-1321314039.svg\" alt=\"Frame 1321314039\"\/><\/div><h4 class=\"title-4\">Weryfikacja i formalno\u015bci<\/h4><p class=\"paragraph min\">Przeprowadzamy kontrol\u0119 prawn\u0105 nieruchomo\u015bci, ustalamy warunki transakcji i przygotowujemy wszystkie niezb\u0119dne dokumenty.<\/p><\/div><div class=\"item\"><div class=\"icon\"><img decoding=\"async\" src=\"https:\/\/realestate-expert.pl\/wp-content\/uploads\/2024\/11\/Frame-1321314040.svg\" alt=\"Frame 1321314040\"\/><\/div><h4 class=\"title-4\">Finansowanie i finalizacja transakcji<\/h4><p class=\"paragraph min\">Pomagamy w uzyskaniu kredytu hipotecznego, organizujemy podpisanie umowy u notariusza i kontrolujemy wszelkie rozliczenia finansowe.<\/p><\/div><div class=\"item\"><div class=\"icon\"><img decoding=\"async\" src=\"https:\/\/realestate-expert.pl\/wp-content\/uploads\/2024\/11\/Frame-1321314042.svg\" alt=\"Frame 1321314042\"\/><\/div><h4 class=\"title-4\">Przekazanie nieruchomo\u015bci i wsparcie<\/h4><p class=\"paragraph min\">Towarzyszymy przy przekazaniu kluczy, pomagamy w rejestracji prawa w\u0142asno\u015bci oraz, w razie potrzeby, w dalszym zarz\u0105dzaniu nieruchomo\u015bci\u0105.<\/p><\/div><a target=\"_self\" rel=\"noopener\" href=\"https:\/\/realestate-expert.pl\/contact\/\" class=\"btn\">Skontaktuj si\u0119<\/a><\/div><img decoding=\"async\" class=\"accessible-section__image\" src=\"https:\/\/realestate-expert.pl\/wp-content\/uploads\/2025\/02\/IMG_1949-scaled.jpg\" alt=\"IMG_1949\"\/><\/div><\/div><\/section>\n\n\n\n<section id=\"cta\" class=\"wp-block-real-estate-blocks-cta cta-section\"><div class=\"container\"><h2 class=\"title-2\">Masz pytania?<\/h2><p class=\"paragraph min\">Zostaw sw\u00f3j kontakt, oddzwonimy do Ciebie!<\/p><a target=\"_self\" rel=\"noopener\" href=\"https:\/\/realestate-expert.pl\/contact\/\" class=\"btn\">Skontaktuj si\u0119<\/a><\/div><\/section>\n","protected":false},"excerpt":{"rendered":"","protected":false},"author":1,"featured_media":5781900,"parent":0,"menu_order":0,"comment_status":"closed","ping_status":"closed","template":"templates\/default.php","meta":{"footnotes":""},"class_list":["post-5223221","page","type-page","status-publish","has-post-thumbnail","hentry"],"yoast_head":"<!-- This site is optimized with the Yoast SEO plugin v25.8 - https:\/\/yoast.com\/wordpress\/plugins\/seo\/ -->\n<title>O nas - Realestate Expert<\/title>\n<meta name=\"description\" content=\"Poznaj nas i dowiedz si\u0119, jak nasz zesp\u00f3\u0142 ekspert\u00f3w nieruchomo\u015bci pomaga znale\u017a\u0107 idealn\u0105 nieruchomo\u015b\u0107 w Polsce.\" \/>\n<meta name=\"robots\" content=\"index, follow, max-snippet:-1, max-image-preview:large, max-video-preview:-1\" \/>\n<link rel=\"canonical\" href=\"https:\/\/realestate-expert.pl\/pl\/o-nas\/\" \/>\n<meta property=\"og:locale\" content=\"pl_PL\" \/>\n<meta property=\"og:type\" content=\"article\" \/>\n<meta property=\"og:title\" content=\"O nas - Realestate Expert\" \/>\n<meta property=\"og:description\" content=\"Poznaj nas i dowiedz si\u0119, jak nasz zesp\u00f3\u0142 ekspert\u00f3w nieruchomo\u015bci pomaga znale\u017a\u0107 idealn\u0105 nieruchomo\u015b\u0107 w Polsce.\" \/>\n<meta property=\"og:url\" content=\"https:\/\/realestate-expert.pl\/pl\/o-nas\/\" \/>\n<meta property=\"og:site_name\" content=\"Realestate Expert\" \/>\n<meta property=\"article:modified_time\" content=\"2025-02-25T18:45:56+00:00\" \/>\n<meta property=\"og:image\" content=\"https:\/\/realestate-expert.pl\/wp-content\/uploads\/2025\/02\/IMG_1953-scaled.jpg\" \/>\n\t<meta property=\"og:image:width\" content=\"2560\" \/>\n\t<meta property=\"og:image:height\" content=\"1439\" \/>\n\t<meta property=\"og:image:type\" content=\"image\/jpeg\" \/>\n<meta name=\"twitter:card\" content=\"summary_large_image\" \/>\n<meta name=\"twitter:label1\" content=\"Szacowany czas czytania\" \/>\n\t<meta name=\"twitter:data1\" content=\"4 minuty\" \/>\n<script type=\"application\/ld+json\" class=\"yoast-schema-graph\">{\"@context\":\"https:\/\/schema.org\",\"@graph\":[{\"@type\":\"WebPage\",\"@id\":\"https:\/\/realestate-expert.pl\/pl\/o-nas\/\",\"url\":\"https:\/\/realestate-expert.pl\/pl\/o-nas\/\",\"name\":\"O nas - Realestate Expert\",\"isPartOf\":{\"@id\":\"https:\/\/realestate-expert.pl\/pl\/#website\"},\"primaryImageOfPage\":{\"@id\":\"https:\/\/realestate-expert.pl\/pl\/o-nas\/#primaryimage\"},\"image\":{\"@id\":\"https:\/\/realestate-expert.pl\/pl\/o-nas\/#primaryimage\"},\"thumbnailUrl\":\"https:\/\/realestate-expert.pl\/wp-content\/uploads\/2025\/02\/IMG_1953-scaled.jpg\",\"datePublished\":\"2024-10-27T16:40:07+00:00\",\"dateModified\":\"2025-02-25T18:45:56+00:00\",\"description\":\"Poznaj nas i dowiedz si\u0119, jak nasz zesp\u00f3\u0142 ekspert\u00f3w nieruchomo\u015bci pomaga znale\u017a\u0107 idealn\u0105 nieruchomo\u015b\u0107 w Polsce.\",\"breadcrumb\":{\"@id\":\"https:\/\/realestate-expert.pl\/pl\/o-nas\/#breadcrumb\"},\"inLanguage\":\"pl-PL\",\"potentialAction\":[{\"@type\":\"ReadAction\",\"target\":[\"https:\/\/realestate-expert.pl\/pl\/o-nas\/\"]}]},{\"@type\":\"ImageObject\",\"inLanguage\":\"pl-PL\",\"@id\":\"https:\/\/realestate-expert.pl\/pl\/o-nas\/#primaryimage\",\"url\":\"https:\/\/realestate-expert.pl\/wp-content\/uploads\/2025\/02\/IMG_1953-scaled.jpg\",\"contentUrl\":\"https:\/\/realestate-expert.pl\/wp-content\/uploads\/2025\/02\/IMG_1953-scaled.jpg\",\"width\":2560,\"height\":1439},{\"@type\":\"BreadcrumbList\",\"@id\":\"https:\/\/realestate-expert.pl\/pl\/o-nas\/#breadcrumb\",\"itemListElement\":[{\"@type\":\"ListItem\",\"position\":1,\"name\":\"\u0413\u043b\u0430\u0432\u043d\u0430\u044f \u0441\u0442\u0440\u0430\u043d\u0438\u0446\u0430\",\"item\":\"https:\/\/realestate-expert.pl\/pl\/\"},{\"@type\":\"ListItem\",\"position\":2,\"name\":\"O nas\"}]},{\"@type\":\"WebSite\",\"@id\":\"https:\/\/realestate-expert.pl\/pl\/#website\",\"url\":\"https:\/\/realestate-expert.pl\/pl\/\",\"name\":\"Realestate Expert\",\"description\":\"\u041d\u0435\u0434\u0432\u0438\u0436\u0438\u043c\u043e\u0441\u0442\u044c \u0432 \u041f\u043e\u043b\u044c\u0448\u0435 \u2013 \u044d\u043a\u0441\u043f\u0435\u0440\u0442\u043d\u043e!\",\"publisher\":{\"@id\":\"https:\/\/realestate-expert.pl\/pl\/#organization\"},\"potentialAction\":[{\"@type\":\"SearchAction\",\"target\":{\"@type\":\"EntryPoint\",\"urlTemplate\":\"https:\/\/realestate-expert.pl\/pl\/?s={search_term_string}\"},\"query-input\":{\"@type\":\"PropertyValueSpecification\",\"valueRequired\":true,\"valueName\":\"search_term_string\"}}],\"inLanguage\":\"pl-PL\"},{\"@type\":\"Organization\",\"@id\":\"https:\/\/realestate-expert.pl\/pl\/#organization\",\"name\":\"Realestate Expert\",\"url\":\"https:\/\/realestate-expert.pl\/pl\/\",\"logo\":{\"@type\":\"ImageObject\",\"inLanguage\":\"pl-PL\",\"@id\":\"https:\/\/realestate-expert.pl\/pl\/#\/schema\/logo\/image\/\",\"url\":\"https:\/\/realestate-expert.pl\/wp-content\/uploads\/2024\/10\/cropped-Screenshot_5.png\",\"contentUrl\":\"https:\/\/realestate-expert.pl\/wp-content\/uploads\/2024\/10\/cropped-Screenshot_5.png\",\"width\":319,\"height\":103,\"caption\":\"Realestate Expert\"},\"image\":{\"@id\":\"https:\/\/realestate-expert.pl\/pl\/#\/schema\/logo\/image\/\"}}]}<\/script>\n<!-- \/ Yoast SEO plugin. -->","yoast_head_json":{"title":"O nas - Realestate Expert","description":"Poznaj nas i dowiedz si\u0119, jak nasz zesp\u00f3\u0142 ekspert\u00f3w nieruchomo\u015bci pomaga znale\u017a\u0107 idealn\u0105 nieruchomo\u015b\u0107 w Polsce.","robots":{"index":"index","follow":"follow","max-snippet":"max-snippet:-1","max-image-preview":"max-image-preview:large","max-video-preview":"max-video-preview:-1"},"canonical":"https:\/\/realestate-expert.pl\/pl\/o-nas\/","og_locale":"pl_PL","og_type":"article","og_title":"O nas - Realestate Expert","og_description":"Poznaj nas i dowiedz si\u0119, jak nasz zesp\u00f3\u0142 ekspert\u00f3w nieruchomo\u015bci pomaga znale\u017a\u0107 idealn\u0105 nieruchomo\u015b\u0107 w Polsce.","og_url":"https:\/\/realestate-expert.pl\/pl\/o-nas\/","og_site_name":"Realestate Expert","article_modified_time":"2025-02-25T18:45:56+00:00","og_image":[{"width":2560,"height":1439,"url":"https:\/\/realestate-expert.pl\/wp-content\/uploads\/2025\/02\/IMG_1953-scaled.jpg","type":"image\/jpeg"}],"twitter_card":"summary_large_image","twitter_misc":{"Szacowany czas czytania":"4 minuty"},"schema":{"@context":"https:\/\/schema.org","@graph":[{"@type":"WebPage","@id":"https:\/\/realestate-expert.pl\/pl\/o-nas\/","url":"https:\/\/realestate-expert.pl\/pl\/o-nas\/","name":"O nas - Realestate Expert","isPartOf":{"@id":"https:\/\/realestate-expert.pl\/pl\/#website"},"primaryImageOfPage":{"@id":"https:\/\/realestate-expert.pl\/pl\/o-nas\/#primaryimage"},"image":{"@id":"https:\/\/realestate-expert.pl\/pl\/o-nas\/#primaryimage"},"thumbnailUrl":"https:\/\/realestate-expert.pl\/wp-content\/uploads\/2025\/02\/IMG_1953-scaled.jpg","datePublished":"2024-10-27T16:40:07+00:00","dateModified":"2025-02-25T18:45:56+00:00","description":"Poznaj nas i dowiedz si\u0119, jak nasz zesp\u00f3\u0142 ekspert\u00f3w nieruchomo\u015bci pomaga znale\u017a\u0107 idealn\u0105 nieruchomo\u015b\u0107 w Polsce.","breadcrumb":{"@id":"https:\/\/realestate-expert.pl\/pl\/o-nas\/#breadcrumb"},"inLanguage":"pl-PL","potentialAction":[{"@type":"ReadAction","target":["https:\/\/realestate-expert.pl\/pl\/o-nas\/"]}]},{"@type":"ImageObject","inLanguage":"pl-PL","@id":"https:\/\/realestate-expert.pl\/pl\/o-nas\/#primaryimage","url":"https:\/\/realestate-expert.pl\/wp-content\/uploads\/2025\/02\/IMG_1953-scaled.jpg","contentUrl":"https:\/\/realestate-expert.pl\/wp-content\/uploads\/2025\/02\/IMG_1953-scaled.jpg","width":2560,"height":1439},{"@type":"BreadcrumbList","@id":"https:\/\/realestate-expert.pl\/pl\/o-nas\/#breadcrumb","itemListElement":[{"@type":"ListItem","position":1,"name":"\u0413\u043b\u0430\u0432\u043d\u0430\u044f \u0441\u0442\u0440\u0430\u043d\u0438\u0446\u0430","item":"https:\/\/realestate-expert.pl\/pl\/"},{"@type":"ListItem","position":2,"name":"O nas"}]},{"@type":"WebSite","@id":"https:\/\/realestate-expert.pl\/pl\/#website","url":"https:\/\/realestate-expert.pl\/pl\/","name":"Realestate Expert","description":"\u041d\u0435\u0434\u0432\u0438\u0436\u0438\u043c\u043e\u0441\u0442\u044c \u0432 \u041f\u043e\u043b\u044c\u0448\u0435 \u2013 \u044d\u043a\u0441\u043f\u0435\u0440\u0442\u043d\u043e!","publisher":{"@id":"https:\/\/realestate-expert.pl\/pl\/#organization"},"potentialAction":[{"@type":"SearchAction","target":{"@type":"EntryPoint","urlTemplate":"https:\/\/realestate-expert.pl\/pl\/?s={search_term_string}"},"query-input":{"@type":"PropertyValueSpecification","valueRequired":true,"valueName":"search_term_string"}}],"inLanguage":"pl-PL"},{"@type":"Organization","@id":"https:\/\/realestate-expert.pl\/pl\/#organization","name":"Realestate Expert","url":"https:\/\/realestate-expert.pl\/pl\/","logo":{"@type":"ImageObject","inLanguage":"pl-PL","@id":"https:\/\/realestate-expert.pl\/pl\/#\/schema\/logo\/image\/","url":"https:\/\/realestate-expert.pl\/wp-content\/uploads\/2024\/10\/cropped-Screenshot_5.png","contentUrl":"https:\/\/realestate-expert.pl\/wp-content\/uploads\/2024\/10\/cropped-Screenshot_5.png","width":319,"height":103,"caption":"Realestate Expert"},"image":{"@id":"https:\/\/realestate-expert.pl\/pl\/#\/schema\/logo\/image\/"}}]}},"_links":{"self":[{"href":"https:\/\/realestate-expert.pl\/pl\/wp-json\/wp\/v2\/pages\/5223221","targetHints":{"allow":["GET"]}}],"collection":[{"href":"https:\/\/realestate-expert.pl\/pl\/wp-json\/wp\/v2\/pages"}],"about":[{"href":"https:\/\/realestate-expert.pl\/pl\/wp-json\/wp\/v2\/types\/page"}],"author":[{"embeddable":true,"href":"https:\/\/realestate-expert.pl\/pl\/wp-json\/wp\/v2\/users\/1"}],"replies":[{"embeddable":true,"href":"https:\/\/realestate-expert.pl\/pl\/wp-json\/wp\/v2\/comments?post=5223221"}],"version-history":[{"count":2,"href":"https:\/\/realestate-expert.pl\/pl\/wp-json\/wp\/v2\/pages\/5223221\/revisions"}],"predecessor-version":[{"id":5831013,"href":"https:\/\/realestate-expert.pl\/pl\/wp-json\/wp\/v2\/pages\/5223221\/revisions\/5831013"}],"wp:featuredmedia":[{"embeddable":true,"href":"https:\/\/realestate-expert.pl\/pl\/wp-json\/wp\/v2\/media\/5781900"}],"wp:attachment":[{"href":"https:\/\/realestate-expert.pl\/pl\/wp-json\/wp\/v2\/media?parent=5223221"}],"curies":[{"name":"wp","href":"https:\/\/api.w.org\/{rel}","templated":true}]}}